{"id":2072,"date":"2020-08-25T08:47:09","date_gmt":"2020-08-25T08:47:09","guid":{"rendered":"https:\/\/borojocantarana.com\/product\/fathers-day-coffee-mug\/"},"modified":"2026-03-11T13:58:10","modified_gmt":"2026-03-11T18:58:10","slug":"borojo-en-polvo","status":"publish","type":"product","link":"https:\/\/borojocantarana.com\/en\/product\/borojo-en-polvo\/","title":{"rendered":"Powdered Borojo"},"content":{"rendered":"","protected":false},"excerpt":{"rendered":"<p data-path-to-node=\"1\">Bring the pure essence of the jungle to your table with the <b data-path-to-node=\"1\" data-index-in-node=\"51\">Borojo Cantarana<\/b>, a superfood obtained by <b data-path-to-node=\"1\" data-index-in-node=\"104\">regenerative farming<\/b>Not only are we providing you with high-impact nutrition, but we are also restoring life to the soil with every harvest.<\/p>\n<p data-path-to-node=\"2\">Our boroj\u00f3 is <b data-path-to-node=\"2\" data-index-in-node=\"18\">100% natural<\/b>, free of chemicals, pesticides, and preservatives. It is the energy that nature designed, carefully processed to preserve its unique profile of polyphenols, amino acids, and essential minerals.<\/p>\n<h3 data-path-to-node=\"4\"><b data-path-to-node=\"4\" data-index-in-node=\"0\">Why choose Borojo Cantarana?<\/b><\/h3>\n<ul data-path-to-node=\"5\">\n<li>\n<p data-path-to-node=\"5,0,0\"><b data-path-to-node=\"5,0,0\" data-index-in-node=\"0\">Cultivation with Purpose:<\/b> From regenerative agriculture that restores soils and protects biodiversity.<\/p>\n<\/li>\n<li>\n<p data-path-to-node=\"5,1,0\"><b data-path-to-node=\"5,1,0\" data-index-in-node=\"0\">Total Purity:<\/b> No added sugars or artificial fillers. It's simply pure dehydrated fruit.<\/p>\n<\/li>\n<li>\n<p data-path-to-node=\"5,2,0\"><b data-path-to-node=\"5,2,0\" data-index-in-node=\"0\">Real Energy:<\/b> Ancient known as the \u201cfruit of vitality,\u201d ideal for athletes or those seeking a natural boost in their daily lives.<\/p>\n<\/li>\n<li>\n<p data-path-to-node=\"5,3,0\"><b data-path-to-node=\"5,3,0\" data-index-in-node=\"0\">Nutritional Density:<\/b> High in phosphorus, calcium, and iron, which are essential for physical and mental well-being.<\/p>\n<\/li>\n<\/ul>","protected":false},"featured_media":4811,"template":"","meta":{"_joinchat":[]},"product_brand":[],"product_cat":[17],"product_tag":[],"class_list":{"0":"post-2072","1":"product","2":"type-product","3":"status-publish","4":"has-post-thumbnail","6":"product_cat-borojo","8":"first","9":"instock","10":"featured","11":"purchasable","12":"product-type-variable"},"yoast_head":"<!-- This site is optimized with the Yoast SEO Premium plugin v23.8 (Yoast SEO v27.3) - https:\/\/yoast.com\/product\/yoast-seo-premium-wordpress\/ -->\n<title>Boroj\u00f3 en Polvo 100% Natural y Regenerativo | Cantarana<\/title>\n<meta name=\"description\" content=\"Descubre el Boroj\u00f3 en polvo Cantarana. 100% natural, sin qu\u00edmicos y de cultivo regenerativo. Potencia tu energ\u00eda con este superalimento puro. \u00a1Compra el tuyo!\" \/>\n<meta name=\"robots\" content=\"index, follow, max-snippet:-1, max-image-preview:large, max-video-preview:-1\" \/>\n<link rel=\"canonical\" href=\"https:\/\/borojocantarana.com\/en\/product\/borojo-en-polvo\/\" \/>\n<meta property=\"og:locale\" content=\"en_US\" \/>\n<meta property=\"og:type\" content=\"article\" \/>\n<meta property=\"og:title\" content=\"Borojo en Polvo\" \/>\n<meta property=\"og:description\" content=\"Descubre el Boroj\u00f3 en polvo Cantarana. 100% natural, sin qu\u00edmicos y de cultivo regenerativo. Potencia tu energ\u00eda con este superalimento puro. \u00a1Compra el tuyo!\" \/>\n<meta property=\"og:url\" content=\"https:\/\/borojocantarana.com\/en\/product\/borojo-en-polvo\/\" \/>\n<meta property=\"og:site_name\" content=\"Boroj\u00f3 Org\u00e1nico Puro | Productos Cantarana con Cultivo Regenerativo\" \/>\n<meta property=\"article:modified_time\" content=\"2026-03-11T18:58:10+00:00\" \/>\n<meta property=\"og:image\" content=\"https:\/\/borojocantarana.com\/wp-content\/uploads\/2025\/11\/CANTA-RANA-HOME_11zon-e1773196150977.webp\" \/>\n\t<meta property=\"og:image:width\" content=\"2400\" \/>\n\t<meta property=\"og:image:height\" content=\"1348\" \/>\n\t<meta property=\"og:image:type\" content=\"image\/webp\" \/>\n<meta name=\"twitter:card\" content=\"summary_large_image\" \/>\n<meta name=\"twitter:description\" content=\"Descubre el Boroj\u00f3 en polvo Cantarana. 100% natural, sin qu\u00edmicos y de cultivo regenerativo. Potencia tu energ\u00eda con este superalimento puro. \u00a1Compra el tuyo!\" \/>\n<meta name=\"twitter:image\" content=\"https:\/\/borojocantarana.com\/wp-content\/uploads\/2025\/11\/CANTA-RANA-HOME_11zon-e1773196150977.webp\" \/>\n<script type=\"application\/ld+json\" class=\"yoast-schema-graph\">{\"@context\":\"https:\\\/\\\/schema.org\",\"@graph\":[{\"@type\":\"WebPage\",\"@id\":\"https:\\\/\\\/borojocantarana.com\\\/product\\\/borojo-en-polvo\\\/\",\"url\":\"https:\\\/\\\/borojocantarana.com\\\/product\\\/borojo-en-polvo\\\/\",\"name\":\"Boroj\u00f3 en Polvo 100% Natural y Regenerativo | Cantarana\",\"isPartOf\":{\"@id\":\"https:\\\/\\\/borojocantarana.com\\\/#website\"},\"primaryImageOfPage\":{\"@id\":\"https:\\\/\\\/borojocantarana.com\\\/product\\\/borojo-en-polvo\\\/#primaryimage\"},\"image\":{\"@id\":\"https:\\\/\\\/borojocantarana.com\\\/product\\\/borojo-en-polvo\\\/#primaryimage\"},\"thumbnailUrl\":\"https:\\\/\\\/borojocantarana.com\\\/wp-content\\\/uploads\\\/2025\\\/11\\\/Borojo-powder-dorado_11zon-1_11zon.jpg\",\"datePublished\":\"2020-08-25T08:47:09+00:00\",\"dateModified\":\"2026-03-11T18:58:10+00:00\",\"description\":\"Descubre el Boroj\u00f3 en polvo Cantarana. 100% natural, sin qu\u00edmicos y de cultivo regenerativo. Potencia tu energ\u00eda con este superalimento puro. \u00a1Compra el tuyo!\",\"breadcrumb\":{\"@id\":\"https:\\\/\\\/borojocantarana.com\\\/product\\\/borojo-en-polvo\\\/#breadcrumb\"},\"inLanguage\":\"en-US\",\"potentialAction\":[{\"@type\":\"ReadAction\",\"target\":[\"https:\\\/\\\/borojocantarana.com\\\/product\\\/borojo-en-polvo\\\/\"]}]},{\"@type\":\"ImageObject\",\"inLanguage\":\"en-US\",\"@id\":\"https:\\\/\\\/borojocantarana.com\\\/product\\\/borojo-en-polvo\\\/#primaryimage\",\"url\":\"https:\\\/\\\/borojocantarana.com\\\/wp-content\\\/uploads\\\/2025\\\/11\\\/Borojo-powder-dorado_11zon-1_11zon.jpg\",\"contentUrl\":\"https:\\\/\\\/borojocantarana.com\\\/wp-content\\\/uploads\\\/2025\\\/11\\\/Borojo-powder-dorado_11zon-1_11zon.jpg\",\"width\":1104,\"height\":1104,\"caption\":\"Bolsa de 250g de boroj\u00f3 en polvo cantarana\"},{\"@type\":\"BreadcrumbList\",\"@id\":\"https:\\\/\\\/borojocantarana.com\\\/product\\\/borojo-en-polvo\\\/#breadcrumb\",\"itemListElement\":[{\"@type\":\"ListItem\",\"position\":1,\"name\":\"Inicio\",\"item\":\"https:\\\/\\\/borojocantarana.com\\\/\"},{\"@type\":\"ListItem\",\"position\":2,\"name\":\"Tienda\",\"item\":\"https:\\\/\\\/borojocantarana.com\\\/tienda-borojo-en-polvo-cantarana\\\/\"},{\"@type\":\"ListItem\",\"position\":3,\"name\":\"Borojo en Polvo\"}]},{\"@type\":\"WebSite\",\"@id\":\"https:\\\/\\\/borojocantarana.com\\\/#website\",\"url\":\"https:\\\/\\\/borojocantarana.com\\\/\",\"name\":\"Boroj\u00f3 Org\u00e1nico Puro | Productos Cantarana con Cultivo Regenerativo\",\"description\":\"Descubre el poder del boroj\u00f3 org\u00e1nico de alta calidad. Productos naturales para tu salud, cultivados con t\u00e9cnicas regenerativas que cuidan el suelo y la biodiversidad.\",\"publisher\":{\"@id\":\"https:\\\/\\\/borojocantarana.com\\\/#organization\"},\"alternateName\":\"Borojo | Exotic Fruits\",\"potentialAction\":[{\"@type\":\"SearchAction\",\"target\":{\"@type\":\"EntryPoint\",\"urlTemplate\":\"https:\\\/\\\/borojocantarana.com\\\/?s={search_term_string}\"},\"query-input\":{\"@type\":\"PropertyValueSpecification\",\"valueRequired\":true,\"valueName\":\"search_term_string\"}}],\"inLanguage\":\"en-US\"},{\"@type\":\"Organization\",\"@id\":\"https:\\\/\\\/borojocantarana.com\\\/#organization\",\"name\":\"Boroj\u00f3 Org\u00e1nico Puro | Productos Cantarana con Cultivo Regenerativo\",\"alternateName\":\"Borojo | Exotic Fruits\",\"url\":\"https:\\\/\\\/borojocantarana.com\\\/\",\"logo\":{\"@type\":\"ImageObject\",\"inLanguage\":\"en-US\",\"@id\":\"https:\\\/\\\/borojocantarana.com\\\/#\\\/schema\\\/logo\\\/image\\\/\",\"url\":\"https:\\\/\\\/borojocantarana.com\\\/wp-content\\\/uploads\\\/2022\\\/12\\\/cropped-LOGO_CANTA_RANA.png\",\"contentUrl\":\"https:\\\/\\\/borojocantarana.com\\\/wp-content\\\/uploads\\\/2022\\\/12\\\/cropped-LOGO_CANTA_RANA.png\",\"width\":1194,\"height\":1310,\"caption\":\"Boroj\u00f3 Org\u00e1nico Puro | Productos Cantarana con Cultivo Regenerativo\"},\"image\":{\"@id\":\"https:\\\/\\\/borojocantarana.com\\\/#\\\/schema\\\/logo\\\/image\\\/\"}}]}<\/script>\n<!-- \/ Yoast SEO Premium plugin. -->","yoast_head_json":{"title":"Boroj\u00f3 en Polvo 100% Natural y Regenerativo | Cantarana","description":"Descubre el Boroj\u00f3 en polvo Cantarana. 100% natural, sin qu\u00edmicos y de cultivo regenerativo. Potencia tu energ\u00eda con este superalimento puro. \u00a1Compra el tuyo!","robots":{"index":"index","follow":"follow","max-snippet":"max-snippet:-1","max-image-preview":"max-image-preview:large","max-video-preview":"max-video-preview:-1"},"canonical":"https:\/\/borojocantarana.com\/en\/product\/borojo-en-polvo\/","og_locale":"en_US","og_type":"article","og_title":"Borojo en Polvo","og_description":"Descubre el Boroj\u00f3 en polvo Cantarana. 100% natural, sin qu\u00edmicos y de cultivo regenerativo. Potencia tu energ\u00eda con este superalimento puro. \u00a1Compra el tuyo!","og_url":"https:\/\/borojocantarana.com\/en\/product\/borojo-en-polvo\/","og_site_name":"Boroj\u00f3 Org\u00e1nico Puro | Productos Cantarana con Cultivo Regenerativo","article_modified_time":"2026-03-11T18:58:10+00:00","og_image":[{"width":2400,"height":1348,"url":"https:\/\/borojocantarana.com\/wp-content\/uploads\/2025\/11\/CANTA-RANA-HOME_11zon-e1773196150977.webp","type":"image\/webp"}],"twitter_card":"summary_large_image","twitter_description":"Descubre el Boroj\u00f3 en polvo Cantarana. 100% natural, sin qu\u00edmicos y de cultivo regenerativo. Potencia tu energ\u00eda con este superalimento puro. \u00a1Compra el tuyo!","twitter_image":"https:\/\/borojocantarana.com\/wp-content\/uploads\/2025\/11\/CANTA-RANA-HOME_11zon-e1773196150977.webp","schema":{"@context":"https:\/\/schema.org","@graph":[{"@type":"WebPage","@id":"https:\/\/borojocantarana.com\/product\/borojo-en-polvo\/","url":"https:\/\/borojocantarana.com\/product\/borojo-en-polvo\/","name":"Boroj\u00f3 en Polvo 100% Natural y Regenerativo | Cantarana","isPartOf":{"@id":"https:\/\/borojocantarana.com\/#website"},"primaryImageOfPage":{"@id":"https:\/\/borojocantarana.com\/product\/borojo-en-polvo\/#primaryimage"},"image":{"@id":"https:\/\/borojocantarana.com\/product\/borojo-en-polvo\/#primaryimage"},"thumbnailUrl":"https:\/\/borojocantarana.com\/wp-content\/uploads\/2025\/11\/Borojo-powder-dorado_11zon-1_11zon.jpg","datePublished":"2020-08-25T08:47:09+00:00","dateModified":"2026-03-11T18:58:10+00:00","description":"Descubre el Boroj\u00f3 en polvo Cantarana. 100% natural, sin qu\u00edmicos y de cultivo regenerativo. Potencia tu energ\u00eda con este superalimento puro. \u00a1Compra el tuyo!","breadcrumb":{"@id":"https:\/\/borojocantarana.com\/product\/borojo-en-polvo\/#breadcrumb"},"inLanguage":"en-US","potentialAction":[{"@type":"ReadAction","target":["https:\/\/borojocantarana.com\/product\/borojo-en-polvo\/"]}]},{"@type":"ImageObject","inLanguage":"en-US","@id":"https:\/\/borojocantarana.com\/product\/borojo-en-polvo\/#primaryimage","url":"https:\/\/borojocantarana.com\/wp-content\/uploads\/2025\/11\/Borojo-powder-dorado_11zon-1_11zon.jpg","contentUrl":"https:\/\/borojocantarana.com\/wp-content\/uploads\/2025\/11\/Borojo-powder-dorado_11zon-1_11zon.jpg","width":1104,"height":1104,"caption":"Bolsa de 250g de boroj\u00f3 en polvo cantarana"},{"@type":"BreadcrumbList","@id":"https:\/\/borojocantarana.com\/product\/borojo-en-polvo\/#breadcrumb","itemListElement":[{"@type":"ListItem","position":1,"name":"Inicio","item":"https:\/\/borojocantarana.com\/"},{"@type":"ListItem","position":2,"name":"Tienda","item":"https:\/\/borojocantarana.com\/tienda-borojo-en-polvo-cantarana\/"},{"@type":"ListItem","position":3,"name":"Borojo en Polvo"}]},{"@type":"WebSite","@id":"https:\/\/borojocantarana.com\/#website","url":"https:\/\/borojocantarana.com\/","name":"Boroj\u00f3 Org\u00e1nico Puro | Productos Cantarana con Cultivo Regenerativo","description":"Descubre el poder del boroj\u00f3 org\u00e1nico de alta calidad. Productos naturales para tu salud, cultivados con t\u00e9cnicas regenerativas que cuidan el suelo y la biodiversidad.","publisher":{"@id":"https:\/\/borojocantarana.com\/#organization"},"alternateName":"Borojo | Exotic Fruits","potentialAction":[{"@type":"SearchAction","target":{"@type":"EntryPoint","urlTemplate":"https:\/\/borojocantarana.com\/?s={search_term_string}"},"query-input":{"@type":"PropertyValueSpecification","valueRequired":true,"valueName":"search_term_string"}}],"inLanguage":"en-US"},{"@type":"Organization","@id":"https:\/\/borojocantarana.com\/#organization","name":"Boroj\u00f3 Org\u00e1nico Puro | Productos Cantarana con Cultivo Regenerativo","alternateName":"Borojo | Exotic Fruits","url":"https:\/\/borojocantarana.com\/","logo":{"@type":"ImageObject","inLanguage":"en-US","@id":"https:\/\/borojocantarana.com\/#\/schema\/logo\/image\/","url":"https:\/\/borojocantarana.com\/wp-content\/uploads\/2022\/12\/cropped-LOGO_CANTA_RANA.png","contentUrl":"https:\/\/borojocantarana.com\/wp-content\/uploads\/2022\/12\/cropped-LOGO_CANTA_RANA.png","width":1194,"height":1310,"caption":"Boroj\u00f3 Org\u00e1nico Puro | Productos Cantarana con Cultivo Regenerativo"},"image":{"@id":"https:\/\/borojocantarana.com\/#\/schema\/logo\/image\/"}}]}},"_links":{"self":[{"href":"https:\/\/borojocantarana.com\/en\/wp-json\/wp\/v2\/product\/2072","targetHints":{"allow":["GET"]}}],"collection":[{"href":"https:\/\/borojocantarana.com\/en\/wp-json\/wp\/v2\/product"}],"about":[{"href":"https:\/\/borojocantarana.com\/en\/wp-json\/wp\/v2\/types\/product"}],"version-history":[{"count":7,"href":"https:\/\/borojocantarana.com\/en\/wp-json\/wp\/v2\/product\/2072\/revisions"}],"predecessor-version":[{"id":5043,"href":"https:\/\/borojocantarana.com\/en\/wp-json\/wp\/v2\/product\/2072\/revisions\/5043"}],"wp:featuredmedia":[{"embeddable":true,"href":"https:\/\/borojocantarana.com\/en\/wp-json\/wp\/v2\/media\/4811"}],"wp:attachment":[{"href":"https:\/\/borojocantarana.com\/en\/wp-json\/wp\/v2\/media?parent=2072"}],"wp:term":[{"taxonomy":"product_brand","embeddable":true,"href":"https:\/\/borojocantarana.com\/en\/wp-json\/wp\/v2\/product_brand?post=2072"},{"taxonomy":"product_cat","embeddable":true,"href":"https:\/\/borojocantarana.com\/en\/wp-json\/wp\/v2\/product_cat?post=2072"},{"taxonomy":"product_tag","embeddable":true,"href":"https:\/\/borojocantarana.com\/en\/wp-json\/wp\/v2\/product_tag?post=2072"}],"curies":[{"name":"wp","href":"https:\/\/api.w.org\/{rel}","templated":true}]}}