{"id":4842,"date":"2025-12-01T06:07:47","date_gmt":"2025-12-01T11:07:47","guid":{"rendered":"https:\/\/borojocantarana.com\/?page_id=4842"},"modified":"2026-04-08T11:23:22","modified_gmt":"2026-04-08T16:23:22","slug":"politica-de-proteccion-de-la-marca","status":"publish","type":"page","link":"https:\/\/borojocantarana.com\/en\/politica-de-proteccion-de-la-marca\/","title":{"rendered":"POL\u00cdTICA DE PROTECCI\u00d3N DE LA MARCA \u2013 BOROJO CANTARANA S.A.S"},"content":{"rendered":"<div data-elementor-type=\"wp-page\" data-elementor-id=\"4842\" class=\"elementor elementor-4842\" data-elementor-post-type=\"page\">\n\t\t\t\t\t\t<section class=\"elementor-section elementor-top-section elementor-element elementor-element-34d8a0e2 elementor-section-boxed elementor-section-height-default elementor-section-height-default\" data-id=\"34d8a0e2\" data-element_type=\"section\" data-e-type=\"section\">\n\t\t\t\t\t\t<div class=\"elementor-container elementor-column-gap-default\">\n\t\t\t\t\t<div class=\"elementor-column elementor-col-100 elementor-top-column elementor-element elementor-element-23c91cc6\" data-id=\"23c91cc6\" data-element_type=\"column\" data-e-type=\"column\">\n\t\t\t<div class=\"elementor-widget-wrap elementor-element-populated\">\n\t\t\t\t\t\t<div class=\"elementor-element elementor-element-7a26f7db elementor-widget elementor-widget-text-editor\" data-id=\"7a26f7db\" data-element_type=\"widget\" data-e-type=\"widget\" data-widget_type=\"text-editor.default\">\n\t\t\t\t<div class=\"elementor-widget-container\">\n\t\t\t\t\t\t\t\t\t<p data-start=\"421\" data-end=\"568\"><strong data-start=\"421\" data-end=\"448\">Fecha de actualizaci\u00f3n:<\/strong> 2025<br data-start=\"453\" data-end=\"456\" \/><strong data-start=\"456\" data-end=\"477\">Marca registrada:<\/strong> CANTARANA S.A.S (Colombia)<br data-start=\"504\" data-end=\"507\" \/><strong data-start=\"507\" data-end=\"540\">Correo oficial para reportes:<\/strong> <strong data-start=\"541\" data-end=\"568\"><a class=\"decorated-link cursor-pointer\" rel=\"noopener\" data-start=\"543\" data-end=\"566\">canta.rana038@gmail.com<\/a><\/strong><\/p>\r\n<p data-start=\"570\" data-end=\"1005\">La presente Pol\u00edtica de Protecci\u00f3n de Marca establece los lineamientos para el uso correcto, autorizado y legal de la marca <strong data-start=\"694\" data-end=\"707\">CantaRana<\/strong>, incluyendo su nombre, identidad visual, elementos gr\u00e1ficos, empaques y materiales asociados. Su prop\u00f3sito es proteger a los consumidores, distribuidores y a la empresa frente a falsificaciones, usos indebidos o pr\u00e1cticas que puedan afectar la reputaci\u00f3n de la marca o la seguridad del consumidor.<\/p>\r\n\r\n<h1 data-start=\"1012\" data-end=\"1053\"><strong data-start=\"1014\" data-end=\"1053\">1. PROPIEDAD Y REGISTRO DE LA MARCA<\/strong><\/h1>\r\n<p data-start=\"1055\" data-end=\"1252\">CantaRana es una <strong data-start=\"1072\" data-end=\"1117\">marca oficialmente registrada en Colombia<\/strong> y est\u00e1 protegida por las leyes nacionales e internacionales en materia de propiedad industrial, derecho de autor y marcas registradas.<\/p>\r\n<p data-start=\"1254\" data-end=\"1287\">Esto incluye la protecci\u00f3n sobre:<\/p>\r\n\r\n<ul data-start=\"1289\" data-end=\"1529\">\r\n \t<li data-start=\"1289\" data-end=\"1321\">\r\n<p data-start=\"1291\" data-end=\"1321\">Nombre comercial \u201cCantaRana\u201d<\/p>\r\n<\/li>\r\n \t<li data-start=\"1322\" data-end=\"1356\">\r\n<p data-start=\"1324\" data-end=\"1356\">Logotipo y versiones derivadas<\/p>\r\n<\/li>\r\n \t<li data-start=\"1357\" data-end=\"1377\">\r\n<p data-start=\"1359\" data-end=\"1377\">Identidad visual<\/p>\r\n<\/li>\r\n \t<li data-start=\"1378\" data-end=\"1390\">\r\n<p data-start=\"1380\" data-end=\"1390\">Empaques<\/p>\r\n<\/li>\r\n \t<li data-start=\"1391\" data-end=\"1404\">\r\n<p data-start=\"1393\" data-end=\"1404\">Etiquetas<\/p>\r\n<\/li>\r\n \t<li data-start=\"1405\" data-end=\"1430\">\r\n<p data-start=\"1407\" data-end=\"1430\">Material publicitario<\/p>\r\n<\/li>\r\n \t<li data-start=\"1431\" data-end=\"1478\">\r\n<p data-start=\"1433\" data-end=\"1478\">Fotograf\u00edas y dise\u00f1os asociados al producto<\/p>\r\n<\/li>\r\n \t<li data-start=\"1479\" data-end=\"1529\">\r\n<p data-start=\"1481\" data-end=\"1529\">Contenido t\u00e9cnico y descripciones del producto<\/p>\r\n<\/li>\r\n<\/ul>\r\n<p data-start=\"1531\" data-end=\"1592\">Cualquier uso no autorizado constituir\u00e1 una infracci\u00f3n legal.<\/p>\r\n\r\n\r\n<hr data-start=\"1594\" data-end=\"1597\" \/>\r\n\r\n<h1 data-start=\"1599\" data-end=\"1634\"><strong data-start=\"1601\" data-end=\"1634\">2. USO AUTORIZADO DE LA MARCA<\/strong><\/h1>\r\n<p data-start=\"1636\" data-end=\"1695\">El uso de la marca CantaRana est\u00e1 estrictamente limitado a:<\/p>\r\n\r\n<h3 data-start=\"1697\" data-end=\"1742\">\u2714 Distribuidores mayoristas autorizados<\/h3>\r\n<h3 data-start=\"1743\" data-end=\"1828\">\u2714 Personas o empresas que cuenten con autorizaci\u00f3n <strong data-start=\"1798\" data-end=\"1813\">por escrito<\/strong> de CantaRana<\/h3>\r\n<p data-start=\"1830\" data-end=\"1881\">Los distribuidores o mayoristas deber\u00e1n contar con:<\/p>\r\n\r\n<ul data-start=\"1883\" data-end=\"2025\">\r\n \t<li data-start=\"1883\" data-end=\"1904\">\r\n<p data-start=\"1885\" data-end=\"1904\">Aprobaci\u00f3n formal<\/p>\r\n<\/li>\r\n \t<li data-start=\"1905\" data-end=\"1941\">\r\n<p data-start=\"1907\" data-end=\"1941\">Condiciones comerciales vigentes<\/p>\r\n<\/li>\r\n \t<li data-start=\"1942\" data-end=\"2025\">\r\n<p data-start=\"1944\" data-end=\"2025\">Autorizaci\u00f3n espec\u00edfica para utilizar la marca en su cat\u00e1logo, redes o comercio<\/p>\r\n<\/li>\r\n<\/ul>\r\n<p data-start=\"2027\" data-end=\"2125\"><strong data-start=\"2027\" data-end=\"2065\">Ninguna persona natural o jur\u00eddica<\/strong> puede usar la marca con fines comerciales sin autorizaci\u00f3n.<\/p>\r\n\r\n\r\n<hr data-start=\"2127\" data-end=\"2130\" \/>\r\n\r\n<h1 data-start=\"2132\" data-end=\"2170\"><strong data-start=\"2134\" data-end=\"2170\">3. USO NO AUTORIZADO DE LA MARCA<\/strong><\/h1>\r\n<p data-start=\"2172\" data-end=\"2204\">Queda terminantemente prohibido:<\/p>\r\n\r\n<ul data-start=\"2206\" data-end=\"2716\">\r\n \t<li data-start=\"2206\" data-end=\"2258\">\r\n<p data-start=\"2208\" data-end=\"2258\">Copiar, reproducir o imitar el logo de CantaRana<\/p>\r\n<\/li>\r\n \t<li data-start=\"2259\" data-end=\"2304\">\r\n<p data-start=\"2261\" data-end=\"2304\">Modificar o alterar elementos de la marca<\/p>\r\n<\/li>\r\n \t<li data-start=\"2305\" data-end=\"2362\">\r\n<p data-start=\"2307\" data-end=\"2362\">Utilizar el nombre \u201cCantaRana\u201d en productos similares<\/p>\r\n<\/li>\r\n \t<li data-start=\"2363\" data-end=\"2424\">\r\n<p data-start=\"2365\" data-end=\"2424\">Dise\u00f1ar empaques o etiquetas que puedan generar confusi\u00f3n<\/p>\r\n<\/li>\r\n \t<li data-start=\"2425\" data-end=\"2492\">\r\n<p data-start=\"2427\" data-end=\"2492\">Distribuir o comercializar productos falsificados o imitaciones<\/p>\r\n<\/li>\r\n \t<li data-start=\"2493\" data-end=\"2569\">\r\n<p data-start=\"2495\" data-end=\"2569\">Utilizar im\u00e1genes, textos o materiales gr\u00e1ficos de CantaRana sin permiso<\/p>\r\n<\/li>\r\n \t<li data-start=\"2570\" data-end=\"2648\">\r\n<p data-start=\"2572\" data-end=\"2648\">Crear perfiles, p\u00e1ginas o publicidad usando el nombre o imagen de la marca<\/p>\r\n<\/li>\r\n \t<li data-start=\"2649\" data-end=\"2716\">\r\n<p data-start=\"2651\" data-end=\"2716\">Revender productos sin estar aprobado como mayorista autorizado<\/p>\r\n<\/li>\r\n<\/ul>\r\n<p data-start=\"2718\" data-end=\"2807\">Cualquier infracci\u00f3n podr\u00e1 generar acciones legales civiles, administrativas y\/o penales.<\/p>\r\n\r\n\r\n<hr data-start=\"2809\" data-end=\"2812\" \/>\r\n\r\n<h1 data-start=\"2814\" data-end=\"2864\"><strong data-start=\"2816\" data-end=\"2864\">4. DISTRIBUIDORES Y REVENDEDORES AUTORIZADOS<\/strong><\/h1>\r\n<p data-start=\"2866\" data-end=\"2941\">CantaRana solo permite distribuci\u00f3n al por mayor bajo autorizaci\u00f3n oficial.<\/p>\r\n\r\n<h3 data-start=\"2943\" data-end=\"2966\">Esto significa que:<\/h3>\r\n<ul data-start=\"2967\" data-end=\"3328\">\r\n \t<li data-start=\"2967\" data-end=\"3057\">\r\n<p data-start=\"2969\" data-end=\"3057\">Solo distribuidores mayoristas <strong data-start=\"3000\" data-end=\"3027\">aprobados por CantaRana<\/strong> pueden revender el producto<\/p>\r\n<\/li>\r\n \t<li data-start=\"3058\" data-end=\"3135\">\r\n<p data-start=\"3060\" data-end=\"3135\">La empresa puede solicitar documentaci\u00f3n o pruebas de identidad comercial<\/p>\r\n<\/li>\r\n \t<li data-start=\"3136\" data-end=\"3226\">\r\n<p data-start=\"3138\" data-end=\"3226\">Los distribuidores autorizados recibir\u00e1n directrices sobre el uso adecuado de la marca<\/p>\r\n<\/li>\r\n \t<li data-start=\"3227\" data-end=\"3328\">\r\n<p data-start=\"3229\" data-end=\"3328\">Cualquier venta de terceros no autorizados se considera <strong data-start=\"3285\" data-end=\"3328\">no oficial y potencialmente fraudulenta<\/strong><\/p>\r\n<\/li>\r\n<\/ul>\r\n\r\n<hr data-start=\"3330\" data-end=\"3333\" \/>\r\n\r\n<h1 data-start=\"3335\" data-end=\"3384\"><strong data-start=\"3337\" data-end=\"3384\">5. ADVERTENCIA SOBRE PRODUCTOS FALSIFICADOS<\/strong><\/h1>\r\n<p data-start=\"3386\" data-end=\"3441\">Para proteger a los consumidores, CantaRana aclara que:<\/p>\r\n\r\n<h3 data-start=\"3443\" data-end=\"3505\">\u26a0\ufe0f Comprar productos falsificados representa riesgos como:<\/h3>\r\n<ul data-start=\"3506\" data-end=\"3726\">\r\n \t<li data-start=\"3506\" data-end=\"3531\">\r\n<p data-start=\"3508\" data-end=\"3531\">Productos adulterados<\/p>\r\n<\/li>\r\n \t<li data-start=\"3532\" data-end=\"3567\">\r\n<p data-start=\"3534\" data-end=\"3567\">Contenido de origen desconocido<\/p>\r\n<\/li>\r\n \t<li data-start=\"3568\" data-end=\"3607\">\r\n<p data-start=\"3570\" data-end=\"3607\">Falta de certificaciones sanitarias<\/p>\r\n<\/li>\r\n \t<li data-start=\"3608\" data-end=\"3645\">\r\n<p data-start=\"3610\" data-end=\"3645\">Ausencia de est\u00e1ndares de calidad<\/p>\r\n<\/li>\r\n \t<li data-start=\"3646\" data-end=\"3685\">\r\n<p data-start=\"3648\" data-end=\"3685\">Riesgo para la salud del consumidor<\/p>\r\n<\/li>\r\n \t<li data-start=\"3686\" data-end=\"3726\">\r\n<p data-start=\"3688\" data-end=\"3726\">Da\u00f1os por ingredientes no declarados<\/p>\r\n<\/li>\r\n<\/ul>\r\n<p data-start=\"3728\" data-end=\"3778\">Los productos originales de CantaRana cuentan con:<\/p>\r\n\r\n<ul data-start=\"3780\" data-end=\"3916\">\r\n \t<li data-start=\"3780\" data-end=\"3810\">\r\n<p data-start=\"3782\" data-end=\"3810\">Identidad visual coherente<\/p>\r\n<\/li>\r\n \t<li data-start=\"3811\" data-end=\"3850\">\r\n<p data-start=\"3813\" data-end=\"3850\">Informaci\u00f3n nutricional verificable<\/p>\r\n<\/li>\r\n \t<li data-start=\"3851\" data-end=\"3883\">\r\n<p data-start=\"3853\" data-end=\"3883\">Certificaciones INVIMA y FDA<\/p>\r\n<\/li>\r\n \t<li data-start=\"3884\" data-end=\"3916\">\r\n<p data-start=\"3886\" data-end=\"3916\">Empaques seguros y auditados<\/p>\r\n<\/li>\r\n<\/ul>\r\n<p data-start=\"3918\" data-end=\"4026\">CantaRana <strong data-start=\"3928\" data-end=\"3954\">no se hace responsable<\/strong> por da\u00f1os causados por imitaciones o compras a terceros no autorizados.<\/p>\r\n\r\n\r\n<hr data-start=\"4028\" data-end=\"4031\" \/>\r\n\r\n<h1 data-start=\"4033\" data-end=\"4080\"><strong data-start=\"4035\" data-end=\"4080\">6. ACCIONES LEGALES EN CASO DE INFRACCI\u00d3N<\/strong><\/h1>\r\n<p data-start=\"4082\" data-end=\"4167\">En caso de uso indebido de la marca, CantaRana podr\u00e1 iniciar las siguientes acciones:<\/p>\r\n\r\n<ul data-start=\"4169\" data-end=\"4476\">\r\n \t<li data-start=\"4169\" data-end=\"4216\">\r\n<p data-start=\"4171\" data-end=\"4216\">Notificaci\u00f3n formal de cese y desistimiento<\/p>\r\n<\/li>\r\n \t<li data-start=\"4217\" data-end=\"4283\">\r\n<p data-start=\"4219\" data-end=\"4283\">Solicitud de eliminaci\u00f3n de contenido o material no autorizado<\/p>\r\n<\/li>\r\n \t<li data-start=\"4284\" data-end=\"4328\">\r\n<p data-start=\"4286\" data-end=\"4328\">Suspensi\u00f3n de perfiles en redes sociales<\/p>\r\n<\/li>\r\n \t<li data-start=\"4329\" data-end=\"4362\">\r\n<p data-start=\"4331\" data-end=\"4362\">Reclamaciones administrativas<\/p>\r\n<\/li>\r\n \t<li data-start=\"4363\" data-end=\"4406\">\r\n<p data-start=\"4365\" data-end=\"4406\">Acciones civiles por da\u00f1os y perjuicios<\/p>\r\n<\/li>\r\n \t<li data-start=\"4407\" data-end=\"4476\">\r\n<p data-start=\"4409\" data-end=\"4476\">Denuncias penales por falsificaci\u00f3n, fraude o usurpaci\u00f3n de marca<\/p>\r\n<\/li>\r\n<\/ul>\r\n<p data-start=\"4478\" data-end=\"4604\">La empresa se reserva el derecho de actuar legalmente contra cualquier persona o entidad que afecte la integridad de la marca.<\/p>\r\n\r\n\r\n<hr data-start=\"4606\" data-end=\"4609\" \/>\r\n\r\n<h1 data-start=\"4611\" data-end=\"4657\"><strong data-start=\"4613\" data-end=\"4657\">7. CANAL OFICIAL PARA REPORTAR SOSPECHAS<\/strong><\/h1>\r\n<p data-start=\"4659\" data-end=\"4709\">Los consumidores y distribuidores pueden reportar:<\/p>\r\n\r\n<ul data-start=\"4711\" data-end=\"4862\">\r\n \t<li data-start=\"4711\" data-end=\"4737\">\r\n<p data-start=\"4713\" data-end=\"4737\">Productos falsificados<\/p>\r\n<\/li>\r\n \t<li data-start=\"4738\" data-end=\"4772\">\r\n<p data-start=\"4740\" data-end=\"4772\">Perfiler\u00eda o uso no autorizado<\/p>\r\n<\/li>\r\n \t<li data-start=\"4773\" data-end=\"4806\">\r\n<p data-start=\"4775\" data-end=\"4806\">P\u00e1ginas de venta fraudulentas<\/p>\r\n<\/li>\r\n \t<li data-start=\"4807\" data-end=\"4834\">\r\n<p data-start=\"4809\" data-end=\"4834\">Imitaciones de empaques<\/p>\r\n<\/li>\r\n \t<li data-start=\"4835\" data-end=\"4862\">\r\n<p data-start=\"4837\" data-end=\"4862\">Actividades sospechosas<\/p>\r\n<\/li>\r\n<\/ul>\r\n<p data-start=\"4864\" data-end=\"4933\">\ud83d\udce7 <strong data-start=\"4867\" data-end=\"4900\">Correo oficial para reportes:<\/strong><br data-start=\"4900\" data-end=\"4903\" \/>\ud83d\udc49 <strong data-start=\"4906\" data-end=\"4933\"><a class=\"decorated-link cursor-pointer\" rel=\"noopener\" data-start=\"4908\" data-end=\"4931\">canta.rana038@gmail.com<\/a><\/strong><\/p>\r\n<p data-start=\"4935\" data-end=\"4998\">La informaci\u00f3n ser\u00e1 revisada confidencialmente y con prioridad.<\/p>\r\n\r\n\r\n<hr data-start=\"5000\" data-end=\"5003\" \/>\r\n\r\n<h1 data-start=\"5005\" data-end=\"5041\"><\/h1>\r\n<p data-start=\"5043\" data-end=\"5302\">CantaRana invita a todos los clientes a adquirir siempre productos originales, verificar el origen del vendedor y reportar cualquier sospecha de falsificaci\u00f3n. La protecci\u00f3n de la marca es clave para garantizar productos aut\u00e9nticos, seguros y de alta calidad.<\/p>\t\t\t\t\t\t\t\t<\/div>\n\t\t\t\t<\/div>\n\t\t\t\t\t<\/div>\n\t\t<\/div>\n\t\t\t\t\t<\/div>\n\t\t<\/section>\n\t\t\t\t<\/div>","protected":false},"excerpt":{"rendered":"<p>Fecha de actualizaci\u00f3n: 2025Marca registrada: CANTARANA S.A.S (Colombia)Correo oficial para reportes: canta.rana038@gmail.com La presente Pol\u00edtica de Protecci\u00f3n de Marca establece los lineamientos para el uso correcto, autorizado y legal de la marca CantaRana, incluyendo su nombre, identidad visual, elementos gr\u00e1ficos, empaques y materiales asociados. Su prop\u00f3sito es proteger a los consumidores, distribuidores y a la [&hellip;]<\/p>\n","protected":false},"author":1,"featured_media":0,"parent":0,"menu_order":0,"comment_status":"closed","ping_status":"closed","template":"","meta":{"_joinchat":[],"footnotes":""},"class_list":["post-4842","page","type-page","status-publish","hentry"],"yoast_head":"<!-- This site is optimized with the Yoast SEO Premium plugin v23.8 (Yoast SEO v27.3) - https:\/\/yoast.com\/product\/yoast-seo-premium-wordpress\/ -->\n<title>POL\u00cdTICA DE PROTECCI\u00d3N DE LA MARCA \u2013 BOROJO CANTARANA S.A.S - Boroj\u00f3 Org\u00e1nico Puro | Productos Cantarana con Cultivo Regenerativo<\/title>\n<meta name=\"robots\" content=\"noindex, nofollow\" \/>\n<meta property=\"og:locale\" content=\"en_US\" \/>\n<meta property=\"og:type\" content=\"article\" \/>\n<meta property=\"og:title\" content=\"POL\u00cdTICA DE PROTECCI\u00d3N DE LA MARCA \u2013 BOROJO CANTARANA S.A.S\" \/>\n<meta property=\"og:description\" content=\"Fecha de actualizaci\u00f3n: 2025Marca registrada: CANTARANA S.A.S (Colombia)Correo oficial para reportes: canta.rana038@gmail.com La presente Pol\u00edtica de Protecci\u00f3n de Marca establece los lineamientos para el uso correcto, autorizado y legal de la marca CantaRana, incluyendo su nombre, identidad visual, elementos gr\u00e1ficos, empaques y materiales asociados. Su prop\u00f3sito es proteger a los consumidores, distribuidores y a la [&hellip;]\" \/>\n<meta property=\"og:url\" content=\"https:\/\/borojocantarana.com\/en\/politica-de-proteccion-de-la-marca\/\" \/>\n<meta property=\"og:site_name\" content=\"Boroj\u00f3 Org\u00e1nico Puro | Productos Cantarana con Cultivo Regenerativo\" \/>\n<meta property=\"article:modified_time\" content=\"2026-04-08T16:23:22+00:00\" \/>\n<meta property=\"og:image\" content=\"https:\/\/borojocantarana.com\/wp-content\/uploads\/2025\/11\/CANTA-RANA-HOME_11zon-e1773196150977.webp\" \/>\n\t<meta property=\"og:image:width\" content=\"2400\" \/>\n\t<meta property=\"og:image:height\" content=\"1348\" \/>\n\t<meta property=\"og:image:type\" content=\"image\/webp\" \/>\n<meta name=\"twitter:card\" content=\"summary_large_image\" \/>\n<meta name=\"twitter:label1\" content=\"Est. reading time\" \/>\n\t<meta name=\"twitter:data1\" content=\"4 minutes\" \/>\n<script type=\"application\/ld+json\" class=\"yoast-schema-graph\">{\"@context\":\"https:\\\/\\\/schema.org\",\"@graph\":[{\"@type\":\"WebPage\",\"@id\":\"https:\\\/\\\/borojocantarana.com\\\/politica-de-proteccion-de-la-marca\\\/\",\"url\":\"https:\\\/\\\/borojocantarana.com\\\/politica-de-proteccion-de-la-marca\\\/\",\"name\":\"POL\u00cdTICA DE PROTECCI\u00d3N DE LA MARCA \u2013 BOROJO CANTARANA S.A.S - Boroj\u00f3 Org\u00e1nico Puro | Productos Cantarana con Cultivo Regenerativo\",\"isPartOf\":{\"@id\":\"https:\\\/\\\/borojocantarana.com\\\/#website\"},\"datePublished\":\"2025-12-01T11:07:47+00:00\",\"dateModified\":\"2026-04-08T16:23:22+00:00\",\"breadcrumb\":{\"@id\":\"https:\\\/\\\/borojocantarana.com\\\/politica-de-proteccion-de-la-marca\\\/#breadcrumb\"},\"inLanguage\":\"en-US\",\"potentialAction\":[{\"@type\":\"ReadAction\",\"target\":[\"https:\\\/\\\/borojocantarana.com\\\/politica-de-proteccion-de-la-marca\\\/\"]}]},{\"@type\":\"BreadcrumbList\",\"@id\":\"https:\\\/\\\/borojocantarana.com\\\/politica-de-proteccion-de-la-marca\\\/#breadcrumb\",\"itemListElement\":[{\"@type\":\"ListItem\",\"position\":1,\"name\":\"Inicio\",\"item\":\"https:\\\/\\\/borojocantarana.com\\\/\"},{\"@type\":\"ListItem\",\"position\":2,\"name\":\"POL\u00cdTICA DE PROTECCI\u00d3N DE LA MARCA \u2013 BOROJO CANTARANA S.A.S\"}]},{\"@type\":\"WebSite\",\"@id\":\"https:\\\/\\\/borojocantarana.com\\\/#website\",\"url\":\"https:\\\/\\\/borojocantarana.com\\\/\",\"name\":\"Boroj\u00f3 Org\u00e1nico Puro | Productos Cantarana con Cultivo Regenerativo\",\"description\":\"Descubre el poder del boroj\u00f3 org\u00e1nico de alta calidad. Productos naturales para tu salud, cultivados con t\u00e9cnicas regenerativas que cuidan el suelo y la biodiversidad.\",\"publisher\":{\"@id\":\"https:\\\/\\\/borojocantarana.com\\\/#organization\"},\"alternateName\":\"Borojo | Exotic Fruits\",\"potentialAction\":[{\"@type\":\"SearchAction\",\"target\":{\"@type\":\"EntryPoint\",\"urlTemplate\":\"https:\\\/\\\/borojocantarana.com\\\/?s={search_term_string}\"},\"query-input\":{\"@type\":\"PropertyValueSpecification\",\"valueRequired\":true,\"valueName\":\"search_term_string\"}}],\"inLanguage\":\"en-US\"},{\"@type\":\"Organization\",\"@id\":\"https:\\\/\\\/borojocantarana.com\\\/#organization\",\"name\":\"Boroj\u00f3 Org\u00e1nico Puro | Productos Cantarana con Cultivo Regenerativo\",\"alternateName\":\"Borojo | Exotic Fruits\",\"url\":\"https:\\\/\\\/borojocantarana.com\\\/\",\"logo\":{\"@type\":\"ImageObject\",\"inLanguage\":\"en-US\",\"@id\":\"https:\\\/\\\/borojocantarana.com\\\/#\\\/schema\\\/logo\\\/image\\\/\",\"url\":\"https:\\\/\\\/borojocantarana.com\\\/wp-content\\\/uploads\\\/2022\\\/12\\\/cropped-LOGO_CANTA_RANA.png\",\"contentUrl\":\"https:\\\/\\\/borojocantarana.com\\\/wp-content\\\/uploads\\\/2022\\\/12\\\/cropped-LOGO_CANTA_RANA.png\",\"width\":1194,\"height\":1310,\"caption\":\"Boroj\u00f3 Org\u00e1nico Puro | Productos Cantarana con Cultivo Regenerativo\"},\"image\":{\"@id\":\"https:\\\/\\\/borojocantarana.com\\\/#\\\/schema\\\/logo\\\/image\\\/\"}}]}<\/script>\n<!-- \/ Yoast SEO Premium plugin. -->","yoast_head_json":{"title":"POL\u00cdTICA DE PROTECCI\u00d3N DE LA MARCA \u2013 BOROJO CANTARANA S.A.S - Boroj\u00f3 Org\u00e1nico Puro | Productos Cantarana con Cultivo Regenerativo","robots":{"index":"noindex","follow":"nofollow"},"og_locale":"en_US","og_type":"article","og_title":"POL\u00cdTICA DE PROTECCI\u00d3N DE LA MARCA \u2013 BOROJO CANTARANA S.A.S","og_description":"Fecha de actualizaci\u00f3n: 2025Marca registrada: CANTARANA S.A.S (Colombia)Correo oficial para reportes: canta.rana038@gmail.com La presente Pol\u00edtica de Protecci\u00f3n de Marca establece los lineamientos para el uso correcto, autorizado y legal de la marca CantaRana, incluyendo su nombre, identidad visual, elementos gr\u00e1ficos, empaques y materiales asociados. Su prop\u00f3sito es proteger a los consumidores, distribuidores y a la [&hellip;]","og_url":"https:\/\/borojocantarana.com\/en\/politica-de-proteccion-de-la-marca\/","og_site_name":"Boroj\u00f3 Org\u00e1nico Puro | Productos Cantarana con Cultivo Regenerativo","article_modified_time":"2026-04-08T16:23:22+00:00","og_image":[{"width":2400,"height":1348,"url":"https:\/\/borojocantarana.com\/wp-content\/uploads\/2025\/11\/CANTA-RANA-HOME_11zon-e1773196150977.webp","type":"image\/webp"}],"twitter_card":"summary_large_image","twitter_misc":{"Est. reading time":"4 minutes"},"schema":{"@context":"https:\/\/schema.org","@graph":[{"@type":"WebPage","@id":"https:\/\/borojocantarana.com\/politica-de-proteccion-de-la-marca\/","url":"https:\/\/borojocantarana.com\/politica-de-proteccion-de-la-marca\/","name":"POL\u00cdTICA DE PROTECCI\u00d3N DE LA MARCA \u2013 BOROJO CANTARANA S.A.S - Boroj\u00f3 Org\u00e1nico Puro | Productos Cantarana con Cultivo Regenerativo","isPartOf":{"@id":"https:\/\/borojocantarana.com\/#website"},"datePublished":"2025-12-01T11:07:47+00:00","dateModified":"2026-04-08T16:23:22+00:00","breadcrumb":{"@id":"https:\/\/borojocantarana.com\/politica-de-proteccion-de-la-marca\/#breadcrumb"},"inLanguage":"en-US","potentialAction":[{"@type":"ReadAction","target":["https:\/\/borojocantarana.com\/politica-de-proteccion-de-la-marca\/"]}]},{"@type":"BreadcrumbList","@id":"https:\/\/borojocantarana.com\/politica-de-proteccion-de-la-marca\/#breadcrumb","itemListElement":[{"@type":"ListItem","position":1,"name":"Inicio","item":"https:\/\/borojocantarana.com\/"},{"@type":"ListItem","position":2,"name":"POL\u00cdTICA DE PROTECCI\u00d3N DE LA MARCA \u2013 BOROJO CANTARANA S.A.S"}]},{"@type":"WebSite","@id":"https:\/\/borojocantarana.com\/#website","url":"https:\/\/borojocantarana.com\/","name":"Boroj\u00f3 Org\u00e1nico Puro | Productos Cantarana con Cultivo Regenerativo","description":"Descubre el poder del boroj\u00f3 org\u00e1nico de alta calidad. Productos naturales para tu salud, cultivados con t\u00e9cnicas regenerativas que cuidan el suelo y la biodiversidad.","publisher":{"@id":"https:\/\/borojocantarana.com\/#organization"},"alternateName":"Borojo | Exotic Fruits","potentialAction":[{"@type":"SearchAction","target":{"@type":"EntryPoint","urlTemplate":"https:\/\/borojocantarana.com\/?s={search_term_string}"},"query-input":{"@type":"PropertyValueSpecification","valueRequired":true,"valueName":"search_term_string"}}],"inLanguage":"en-US"},{"@type":"Organization","@id":"https:\/\/borojocantarana.com\/#organization","name":"Boroj\u00f3 Org\u00e1nico Puro | Productos Cantarana con Cultivo Regenerativo","alternateName":"Borojo | Exotic Fruits","url":"https:\/\/borojocantarana.com\/","logo":{"@type":"ImageObject","inLanguage":"en-US","@id":"https:\/\/borojocantarana.com\/#\/schema\/logo\/image\/","url":"https:\/\/borojocantarana.com\/wp-content\/uploads\/2022\/12\/cropped-LOGO_CANTA_RANA.png","contentUrl":"https:\/\/borojocantarana.com\/wp-content\/uploads\/2022\/12\/cropped-LOGO_CANTA_RANA.png","width":1194,"height":1310,"caption":"Boroj\u00f3 Org\u00e1nico Puro | Productos Cantarana con Cultivo Regenerativo"},"image":{"@id":"https:\/\/borojocantarana.com\/#\/schema\/logo\/image\/"}}]}},"_links":{"self":[{"href":"https:\/\/borojocantarana.com\/en\/wp-json\/wp\/v2\/pages\/4842","targetHints":{"allow":["GET"]}}],"collection":[{"href":"https:\/\/borojocantarana.com\/en\/wp-json\/wp\/v2\/pages"}],"about":[{"href":"https:\/\/borojocantarana.com\/en\/wp-json\/wp\/v2\/types\/page"}],"author":[{"embeddable":true,"href":"https:\/\/borojocantarana.com\/en\/wp-json\/wp\/v2\/users\/1"}],"replies":[{"embeddable":true,"href":"https:\/\/borojocantarana.com\/en\/wp-json\/wp\/v2\/comments?post=4842"}],"version-history":[{"count":10,"href":"https:\/\/borojocantarana.com\/en\/wp-json\/wp\/v2\/pages\/4842\/revisions"}],"predecessor-version":[{"id":5278,"href":"https:\/\/borojocantarana.com\/en\/wp-json\/wp\/v2\/pages\/4842\/revisions\/5278"}],"wp:attachment":[{"href":"https:\/\/borojocantarana.com\/en\/wp-json\/wp\/v2\/media?parent=4842"}],"curies":[{"name":"wp","href":"https:\/\/api.w.org\/{rel}","templated":true}]}}