{"id":4822,"date":"2025-11-21T21:19:16","date_gmt":"2025-11-22T02:19:16","guid":{"rendered":"https:\/\/borojocantarana.com\/?page_id=4822"},"modified":"2026-04-08T11:28:50","modified_gmt":"2026-04-08T16:28:50","slug":"reversion-de-pagos-y-derecho-de-retracto","status":"publish","type":"page","link":"https:\/\/borojocantarana.com\/en\/reversion-de-pagos-y-derecho-de-retracto\/","title":{"rendered":"reversion-de-pagos-y-derecho-de-retracto"},"content":{"rendered":"<div data-elementor-type=\"wp-page\" data-elementor-id=\"4822\" class=\"elementor elementor-4822\" data-elementor-post-type=\"page\">\n\t\t\t\t\t\t<section class=\"elementor-section elementor-top-section elementor-element elementor-element-256ec936 elementor-section-boxed elementor-section-height-default elementor-section-height-default\" data-id=\"256ec936\" data-element_type=\"section\" data-e-type=\"section\">\n\t\t\t\t\t\t<div class=\"elementor-container elementor-column-gap-default\">\n\t\t\t\t\t<div class=\"elementor-column elementor-col-100 elementor-top-column elementor-element elementor-element-793eeb60\" data-id=\"793eeb60\" data-element_type=\"column\" data-e-type=\"column\">\n\t\t\t<div class=\"elementor-widget-wrap elementor-element-populated\">\n\t\t\t\t\t\t<div class=\"elementor-element elementor-element-414a1bb4 elementor-widget elementor-widget-text-editor\" data-id=\"414a1bb4\" data-element_type=\"widget\" data-e-type=\"widget\" data-widget_type=\"text-editor.default\">\n\t\t\t\t<div class=\"elementor-widget-container\">\n\t\t\t\t\t\t\t\t\t<h1><strong>Reversi\u00f3n de Pagos y Derecho de Retracto<\/strong><\/h1>\r\nTodo comprador tiene derecho en solicitar una reversi\u00f3n en su pago si se presentan las siguientes situaciones.\r\n<ul>\r\n \t<li>Compra fraudulenta u operaci\u00f3n no fue solicitada.<\/li>\r\n \t<li>Cuando el producto adquirido no fue recibido en lo absoluto.<\/li>\r\n \t<li>Cuando el producto que recibi\u00f3 no corresponde a lo solicitado o resulte defectuoso.<\/li>\r\n<\/ul>\r\nDicha petici\u00f3n debe ser presentada dentro los cinco (5) d\u00edas h\u00e1biles siguientes a la fecha en que el comprador observ\u00f3 la operaci\u00f3n anormal, no solicitada, o si es el caso, de la fecha en que recibi\u00f3 el paquete y\/o lo recibi\u00f3 defectuoso o no que correspondiera a lo comprado en la tienda.\r\n\r\nEn la misma petici\u00f3n de reversi\u00f3n debe expresar:\r\n<ul>\r\n \t<li>La raz\u00f3n por la que sustenta la petici\u00f3n, la cual solo puede ser posible por uno de los escenarios mencionados.<\/li>\r\n \t<li>El valor por el que se solicita la reversi\u00f3n.<\/li>\r\n \t<li>Copia adjunta de la transacci\u00f3n o movimiento (voucher o comprobante del pago con n\u00famero, fecha y hora).<\/li>\r\n \t<li>Copia adjunta de su documento de identidad o del propietario del medio de pago con el cual efectu\u00f3 el pedido.<\/li>\r\n \t<li>Certificaci\u00f3n adjunta de la cuenta bancaria con la cual se realiz\u00f3 la transacci\u00f3n.<\/li>\r\n<\/ul>\r\nEstas solicitudes se revisan y en el caso que d\u00e9 lugar a derecho, la reversi\u00f3n de pago tendr\u00e1 su efecto en un plazo m\u00e1ximo de treinta (30) d\u00edas por parte de todos los integrantes del proceso de pago.\r\n\r\nLo anterior, de conformidad con lo establecido en la legislaci\u00f3n de Protecci\u00f3n al Consumidor Vigente.\r\n\r\n<strong>Derecho de retracto<\/strong>\r\n\r\nEn todo contrato para la venta de productos y bienes por medio de sistemas de financiaci\u00f3n dado por el proveedor, que utilizan m\u00e9todos no tradicionales o a distancia, en este caso ventas en l\u00ednea, que por su naturaleza no deban consumirse o no hayan comenzado a usarse antes de cinco (5) d\u00edas, se entiende pactado el derecho de retracto a favor del comprador.\r\n\r\nEn el escenario en que el comprador use su facultad de retracto, se resolver\u00e1 el contrato y se reintegrar\u00e1 el dinero que el comprador haya pagado a CantaRana SAS.\r\n\r\nEl producto requiere su devoluci\u00f3n sin que haya sido usado y se encuentre en el mismo estado en que se recibi\u00f3.\u00a0<strong>Los costos de transporte y los dem\u00e1s que conlleve la devoluci\u00f3n del bien ser\u00e1n cubiertos por el cliente.<\/strong>\r\n\r\n<strong>El plazo m\u00e1ximo para hacer uso del derecho de retracto por parte del comprador es de cinco (5) d\u00edas h\u00e1biles que se contabilizan a partir de la recepci\u00f3n del paquete.<\/strong>\r\n\r\nLa devoluci\u00f3n del dinero tendr\u00e1 efecto en un plazo m\u00e1ximo de treinta (30) d\u00edas calendario a partir de que el comprador regrese a CantaRana SAS el producto y se cumplan con los puntos establecidos en la normatividad de Protecci\u00f3n al Consumidor ya mencionados.\t\t\t\t\t\t\t\t<\/div>\n\t\t\t\t<\/div>\n\t\t\t\t\t<\/div>\n\t\t<\/div>\n\t\t\t\t\t<\/div>\n\t\t<\/section>\n\t\t\t\t<\/div>","protected":false},"excerpt":{"rendered":"<p>Reversi\u00f3n de Pagos y Derecho de Retracto Todo comprador tiene derecho en solicitar una reversi\u00f3n en su pago si se presentan las siguientes situaciones. Compra fraudulenta u operaci\u00f3n no fue solicitada. Cuando el producto adquirido no fue recibido en lo absoluto. Cuando el producto que recibi\u00f3 no corresponde a lo solicitado o resulte defectuoso. Dicha [&hellip;]<\/p>\n","protected":false},"author":1,"featured_media":0,"parent":0,"menu_order":0,"comment_status":"closed","ping_status":"closed","template":"","meta":{"_joinchat":[],"footnotes":""},"class_list":["post-4822","page","type-page","status-publish","hentry"],"yoast_head":"<!-- This site is optimized with the Yoast SEO Premium plugin v23.8 (Yoast SEO v27.3) - https:\/\/yoast.com\/product\/yoast-seo-premium-wordpress\/ -->\n<title>reversion-de-pagos-y-derecho-de-retracto - Boroj\u00f3 Org\u00e1nico Puro | Productos Cantarana con Cultivo Regenerativo<\/title>\n<meta name=\"robots\" content=\"noindex, nofollow\" \/>\n<meta property=\"og:locale\" content=\"en_US\" \/>\n<meta property=\"og:type\" content=\"article\" \/>\n<meta property=\"og:title\" content=\"reversion-de-pagos-y-derecho-de-retracto\" \/>\n<meta property=\"og:description\" content=\"Reversi\u00f3n de Pagos y Derecho de Retracto Todo comprador tiene derecho en solicitar una reversi\u00f3n en su pago si se presentan las siguientes situaciones. Compra fraudulenta u operaci\u00f3n no fue solicitada. Cuando el producto adquirido no fue recibido en lo absoluto. Cuando el producto que recibi\u00f3 no corresponde a lo solicitado o resulte defectuoso. Dicha [&hellip;]\" \/>\n<meta property=\"og:url\" content=\"https:\/\/borojocantarana.com\/en\/reversion-de-pagos-y-derecho-de-retracto\/\" \/>\n<meta property=\"og:site_name\" content=\"Boroj\u00f3 Org\u00e1nico Puro | Productos Cantarana con Cultivo Regenerativo\" \/>\n<meta property=\"article:modified_time\" content=\"2026-04-08T16:28:50+00:00\" \/>\n<meta property=\"og:image\" content=\"https:\/\/borojocantarana.com\/wp-content\/uploads\/2025\/11\/CANTA-RANA-HOME_11zon-e1773196150977.webp\" \/>\n\t<meta property=\"og:image:width\" content=\"2400\" \/>\n\t<meta property=\"og:image:height\" content=\"1348\" \/>\n\t<meta property=\"og:image:type\" content=\"image\/webp\" \/>\n<meta name=\"twitter:card\" content=\"summary_large_image\" \/>\n<meta name=\"twitter:label1\" content=\"Est. reading time\" \/>\n\t<meta name=\"twitter:data1\" content=\"3 minutes\" \/>\n<script type=\"application\/ld+json\" class=\"yoast-schema-graph\">{\"@context\":\"https:\\\/\\\/schema.org\",\"@graph\":[{\"@type\":\"WebPage\",\"@id\":\"https:\\\/\\\/borojocantarana.com\\\/reversion-de-pagos-y-derecho-de-retracto\\\/\",\"url\":\"https:\\\/\\\/borojocantarana.com\\\/reversion-de-pagos-y-derecho-de-retracto\\\/\",\"name\":\"reversion-de-pagos-y-derecho-de-retracto - Boroj\u00f3 Org\u00e1nico Puro | Productos Cantarana con Cultivo Regenerativo\",\"isPartOf\":{\"@id\":\"https:\\\/\\\/borojocantarana.com\\\/#website\"},\"datePublished\":\"2025-11-22T02:19:16+00:00\",\"dateModified\":\"2026-04-08T16:28:50+00:00\",\"breadcrumb\":{\"@id\":\"https:\\\/\\\/borojocantarana.com\\\/reversion-de-pagos-y-derecho-de-retracto\\\/#breadcrumb\"},\"inLanguage\":\"en-US\",\"potentialAction\":[{\"@type\":\"ReadAction\",\"target\":[\"https:\\\/\\\/borojocantarana.com\\\/reversion-de-pagos-y-derecho-de-retracto\\\/\"]}]},{\"@type\":\"BreadcrumbList\",\"@id\":\"https:\\\/\\\/borojocantarana.com\\\/reversion-de-pagos-y-derecho-de-retracto\\\/#breadcrumb\",\"itemListElement\":[{\"@type\":\"ListItem\",\"position\":1,\"name\":\"Inicio\",\"item\":\"https:\\\/\\\/borojocantarana.com\\\/\"},{\"@type\":\"ListItem\",\"position\":2,\"name\":\"reversion-de-pagos-y-derecho-de-retracto\"}]},{\"@type\":\"WebSite\",\"@id\":\"https:\\\/\\\/borojocantarana.com\\\/#website\",\"url\":\"https:\\\/\\\/borojocantarana.com\\\/\",\"name\":\"Boroj\u00f3 Org\u00e1nico Puro | Productos Cantarana con Cultivo Regenerativo\",\"description\":\"Descubre el poder del boroj\u00f3 org\u00e1nico de alta calidad. Productos naturales para tu salud, cultivados con t\u00e9cnicas regenerativas que cuidan el suelo y la biodiversidad.\",\"publisher\":{\"@id\":\"https:\\\/\\\/borojocantarana.com\\\/#organization\"},\"alternateName\":\"Borojo | Exotic Fruits\",\"potentialAction\":[{\"@type\":\"SearchAction\",\"target\":{\"@type\":\"EntryPoint\",\"urlTemplate\":\"https:\\\/\\\/borojocantarana.com\\\/?s={search_term_string}\"},\"query-input\":{\"@type\":\"PropertyValueSpecification\",\"valueRequired\":true,\"valueName\":\"search_term_string\"}}],\"inLanguage\":\"en-US\"},{\"@type\":\"Organization\",\"@id\":\"https:\\\/\\\/borojocantarana.com\\\/#organization\",\"name\":\"Boroj\u00f3 Org\u00e1nico Puro | Productos Cantarana con Cultivo Regenerativo\",\"alternateName\":\"Borojo | Exotic Fruits\",\"url\":\"https:\\\/\\\/borojocantarana.com\\\/\",\"logo\":{\"@type\":\"ImageObject\",\"inLanguage\":\"en-US\",\"@id\":\"https:\\\/\\\/borojocantarana.com\\\/#\\\/schema\\\/logo\\\/image\\\/\",\"url\":\"https:\\\/\\\/borojocantarana.com\\\/wp-content\\\/uploads\\\/2022\\\/12\\\/cropped-LOGO_CANTA_RANA.png\",\"contentUrl\":\"https:\\\/\\\/borojocantarana.com\\\/wp-content\\\/uploads\\\/2022\\\/12\\\/cropped-LOGO_CANTA_RANA.png\",\"width\":1194,\"height\":1310,\"caption\":\"Boroj\u00f3 Org\u00e1nico Puro | Productos Cantarana con Cultivo Regenerativo\"},\"image\":{\"@id\":\"https:\\\/\\\/borojocantarana.com\\\/#\\\/schema\\\/logo\\\/image\\\/\"}}]}<\/script>\n<!-- \/ Yoast SEO Premium plugin. -->","yoast_head_json":{"title":"reversion-de-pagos-y-derecho-de-retracto - Boroj\u00f3 Org\u00e1nico Puro | Productos Cantarana con Cultivo Regenerativo","robots":{"index":"noindex","follow":"nofollow"},"og_locale":"en_US","og_type":"article","og_title":"reversion-de-pagos-y-derecho-de-retracto","og_description":"Reversi\u00f3n de Pagos y Derecho de Retracto Todo comprador tiene derecho en solicitar una reversi\u00f3n en su pago si se presentan las siguientes situaciones. Compra fraudulenta u operaci\u00f3n no fue solicitada. Cuando el producto adquirido no fue recibido en lo absoluto. Cuando el producto que recibi\u00f3 no corresponde a lo solicitado o resulte defectuoso. Dicha [&hellip;]","og_url":"https:\/\/borojocantarana.com\/en\/reversion-de-pagos-y-derecho-de-retracto\/","og_site_name":"Boroj\u00f3 Org\u00e1nico Puro | Productos Cantarana con Cultivo Regenerativo","article_modified_time":"2026-04-08T16:28:50+00:00","og_image":[{"width":2400,"height":1348,"url":"https:\/\/borojocantarana.com\/wp-content\/uploads\/2025\/11\/CANTA-RANA-HOME_11zon-e1773196150977.webp","type":"image\/webp"}],"twitter_card":"summary_large_image","twitter_misc":{"Est. reading time":"3 minutes"},"schema":{"@context":"https:\/\/schema.org","@graph":[{"@type":"WebPage","@id":"https:\/\/borojocantarana.com\/reversion-de-pagos-y-derecho-de-retracto\/","url":"https:\/\/borojocantarana.com\/reversion-de-pagos-y-derecho-de-retracto\/","name":"reversion-de-pagos-y-derecho-de-retracto - Boroj\u00f3 Org\u00e1nico Puro | Productos Cantarana con Cultivo Regenerativo","isPartOf":{"@id":"https:\/\/borojocantarana.com\/#website"},"datePublished":"2025-11-22T02:19:16+00:00","dateModified":"2026-04-08T16:28:50+00:00","breadcrumb":{"@id":"https:\/\/borojocantarana.com\/reversion-de-pagos-y-derecho-de-retracto\/#breadcrumb"},"inLanguage":"en-US","potentialAction":[{"@type":"ReadAction","target":["https:\/\/borojocantarana.com\/reversion-de-pagos-y-derecho-de-retracto\/"]}]},{"@type":"BreadcrumbList","@id":"https:\/\/borojocantarana.com\/reversion-de-pagos-y-derecho-de-retracto\/#breadcrumb","itemListElement":[{"@type":"ListItem","position":1,"name":"Inicio","item":"https:\/\/borojocantarana.com\/"},{"@type":"ListItem","position":2,"name":"reversion-de-pagos-y-derecho-de-retracto"}]},{"@type":"WebSite","@id":"https:\/\/borojocantarana.com\/#website","url":"https:\/\/borojocantarana.com\/","name":"Boroj\u00f3 Org\u00e1nico Puro | Productos Cantarana con Cultivo Regenerativo","description":"Descubre el poder del boroj\u00f3 org\u00e1nico de alta calidad. Productos naturales para tu salud, cultivados con t\u00e9cnicas regenerativas que cuidan el suelo y la biodiversidad.","publisher":{"@id":"https:\/\/borojocantarana.com\/#organization"},"alternateName":"Borojo | Exotic Fruits","potentialAction":[{"@type":"SearchAction","target":{"@type":"EntryPoint","urlTemplate":"https:\/\/borojocantarana.com\/?s={search_term_string}"},"query-input":{"@type":"PropertyValueSpecification","valueRequired":true,"valueName":"search_term_string"}}],"inLanguage":"en-US"},{"@type":"Organization","@id":"https:\/\/borojocantarana.com\/#organization","name":"Boroj\u00f3 Org\u00e1nico Puro | Productos Cantarana con Cultivo Regenerativo","alternateName":"Borojo | Exotic Fruits","url":"https:\/\/borojocantarana.com\/","logo":{"@type":"ImageObject","inLanguage":"en-US","@id":"https:\/\/borojocantarana.com\/#\/schema\/logo\/image\/","url":"https:\/\/borojocantarana.com\/wp-content\/uploads\/2022\/12\/cropped-LOGO_CANTA_RANA.png","contentUrl":"https:\/\/borojocantarana.com\/wp-content\/uploads\/2022\/12\/cropped-LOGO_CANTA_RANA.png","width":1194,"height":1310,"caption":"Boroj\u00f3 Org\u00e1nico Puro | Productos Cantarana con Cultivo Regenerativo"},"image":{"@id":"https:\/\/borojocantarana.com\/#\/schema\/logo\/image\/"}}]}},"_links":{"self":[{"href":"https:\/\/borojocantarana.com\/en\/wp-json\/wp\/v2\/pages\/4822","targetHints":{"allow":["GET"]}}],"collection":[{"href":"https:\/\/borojocantarana.com\/en\/wp-json\/wp\/v2\/pages"}],"about":[{"href":"https:\/\/borojocantarana.com\/en\/wp-json\/wp\/v2\/types\/page"}],"author":[{"embeddable":true,"href":"https:\/\/borojocantarana.com\/en\/wp-json\/wp\/v2\/users\/1"}],"replies":[{"embeddable":true,"href":"https:\/\/borojocantarana.com\/en\/wp-json\/wp\/v2\/comments?post=4822"}],"version-history":[{"count":8,"href":"https:\/\/borojocantarana.com\/en\/wp-json\/wp\/v2\/pages\/4822\/revisions"}],"predecessor-version":[{"id":5287,"href":"https:\/\/borojocantarana.com\/en\/wp-json\/wp\/v2\/pages\/4822\/revisions\/5287"}],"wp:attachment":[{"href":"https:\/\/borojocantarana.com\/en\/wp-json\/wp\/v2\/media?parent=4822"}],"curies":[{"name":"wp","href":"https:\/\/api.w.org\/{rel}","templated":true}]}}