{"id":2161,"date":"2020-08-25T12:04:18","date_gmt":"2020-08-25T12:04:18","guid":{"rendered":"https:\/\/borojocantarana.com\/about\/"},"modified":"2026-03-13T14:42:37","modified_gmt":"2026-03-13T19:42:37","slug":"finca","status":"publish","type":"page","link":"https:\/\/borojocantarana.com\/en\/finca\/","title":{"rendered":"Finca"},"content":{"rendered":"","protected":false},"excerpt":{"rendered":"","protected":false},"author":1,"featured_media":0,"parent":0,"menu_order":0,"comment_status":"closed","ping_status":"closed","template":"","meta":{"_joinchat":[],"footnotes":""},"class_list":["post-2161","page","type-page","status-publish","hentry"],"yoast_head":"<!-- This site is optimized with the Yoast SEO Premium plugin v23.8 (Yoast SEO v27.3) - https:\/\/yoast.com\/product\/yoast-seo-premium-wordpress\/ -->\n<title>Finca - Boroj\u00f3 Org\u00e1nico Puro | Productos Cantarana con Cultivo Regenerativo<\/title>\n<meta name=\"robots\" content=\"index, follow, max-snippet:-1, max-image-preview:large, max-video-preview:-1\" \/>\n<link rel=\"canonical\" href=\"https:\/\/borojocantarana.com\/en\/finca\/\" \/>\n<meta property=\"og:locale\" content=\"en_US\" \/>\n<meta property=\"og:type\" content=\"article\" \/>\n<meta property=\"og:title\" content=\"Finca\" \/>\n<meta property=\"og:url\" content=\"https:\/\/borojocantarana.com\/en\/finca\/\" \/>\n<meta property=\"og:site_name\" content=\"Boroj\u00f3 Org\u00e1nico Puro | Productos Cantarana con Cultivo Regenerativo\" \/>\n<meta property=\"article:modified_time\" content=\"2026-03-13T19:42:37+00:00\" \/>\n<meta property=\"og:image\" content=\"https:\/\/borojocantarana.com\/wp-content\/uploads\/2025\/11\/CANTA-RANA-HOME_11zon-e1773196150977.webp\" \/>\n\t<meta property=\"og:image:width\" content=\"2400\" \/>\n\t<meta property=\"og:image:height\" content=\"1348\" \/>\n\t<meta property=\"og:image:type\" content=\"image\/webp\" \/>\n<meta name=\"twitter:card\" content=\"summary_large_image\" \/>\n<script type=\"application\/ld+json\" class=\"yoast-schema-graph\">{\"@context\":\"https:\\\/\\\/schema.org\",\"@graph\":[{\"@type\":\"WebPage\",\"@id\":\"https:\\\/\\\/borojocantarana.com\\\/finca\\\/\",\"url\":\"https:\\\/\\\/borojocantarana.com\\\/finca\\\/\",\"name\":\"Finca - Boroj\u00f3 Org\u00e1nico Puro | Productos Cantarana con Cultivo Regenerativo\",\"isPartOf\":{\"@id\":\"https:\\\/\\\/borojocantarana.com\\\/#website\"},\"datePublished\":\"2020-08-25T12:04:18+00:00\",\"dateModified\":\"2026-03-13T19:42:37+00:00\",\"breadcrumb\":{\"@id\":\"https:\\\/\\\/borojocantarana.com\\\/finca\\\/#breadcrumb\"},\"inLanguage\":\"en-US\",\"potentialAction\":[{\"@type\":\"ReadAction\",\"target\":[\"https:\\\/\\\/borojocantarana.com\\\/finca\\\/\"]}]},{\"@type\":\"BreadcrumbList\",\"@id\":\"https:\\\/\\\/borojocantarana.com\\\/finca\\\/#breadcrumb\",\"itemListElement\":[{\"@type\":\"ListItem\",\"position\":1,\"name\":\"Inicio\",\"item\":\"https:\\\/\\\/borojocantarana.com\\\/\"},{\"@type\":\"ListItem\",\"position\":2,\"name\":\"Finca\"}]},{\"@type\":\"WebSite\",\"@id\":\"https:\\\/\\\/borojocantarana.com\\\/#website\",\"url\":\"https:\\\/\\\/borojocantarana.com\\\/\",\"name\":\"Boroj\u00f3 Org\u00e1nico Puro | Productos Cantarana con Cultivo Regenerativo\",\"description\":\"Descubre el poder del boroj\u00f3 org\u00e1nico de alta calidad. Productos naturales para tu salud, cultivados con t\u00e9cnicas regenerativas que cuidan el suelo y la biodiversidad.\",\"publisher\":{\"@id\":\"https:\\\/\\\/borojocantarana.com\\\/#organization\"},\"alternateName\":\"Borojo | Exotic Fruits\",\"potentialAction\":[{\"@type\":\"SearchAction\",\"target\":{\"@type\":\"EntryPoint\",\"urlTemplate\":\"https:\\\/\\\/borojocantarana.com\\\/?s={search_term_string}\"},\"query-input\":{\"@type\":\"PropertyValueSpecification\",\"valueRequired\":true,\"valueName\":\"search_term_string\"}}],\"inLanguage\":\"en-US\"},{\"@type\":\"Organization\",\"@id\":\"https:\\\/\\\/borojocantarana.com\\\/#organization\",\"name\":\"Boroj\u00f3 Org\u00e1nico Puro | Productos Cantarana con Cultivo Regenerativo\",\"alternateName\":\"Borojo | Exotic Fruits\",\"url\":\"https:\\\/\\\/borojocantarana.com\\\/\",\"logo\":{\"@type\":\"ImageObject\",\"inLanguage\":\"en-US\",\"@id\":\"https:\\\/\\\/borojocantarana.com\\\/#\\\/schema\\\/logo\\\/image\\\/\",\"url\":\"https:\\\/\\\/borojocantarana.com\\\/wp-content\\\/uploads\\\/2022\\\/12\\\/cropped-LOGO_CANTA_RANA.png\",\"contentUrl\":\"https:\\\/\\\/borojocantarana.com\\\/wp-content\\\/uploads\\\/2022\\\/12\\\/cropped-LOGO_CANTA_RANA.png\",\"width\":1194,\"height\":1310,\"caption\":\"Boroj\u00f3 Org\u00e1nico Puro | Productos Cantarana con Cultivo Regenerativo\"},\"image\":{\"@id\":\"https:\\\/\\\/borojocantarana.com\\\/#\\\/schema\\\/logo\\\/image\\\/\"}}]}<\/script>\n<!-- \/ Yoast SEO Premium plugin. -->","yoast_head_json":{"title":"Finca - Boroj\u00f3 Org\u00e1nico Puro | Productos Cantarana con Cultivo Regenerativo","robots":{"index":"index","follow":"follow","max-snippet":"max-snippet:-1","max-image-preview":"max-image-preview:large","max-video-preview":"max-video-preview:-1"},"canonical":"https:\/\/borojocantarana.com\/en\/finca\/","og_locale":"en_US","og_type":"article","og_title":"Finca","og_url":"https:\/\/borojocantarana.com\/en\/finca\/","og_site_name":"Boroj\u00f3 Org\u00e1nico Puro | Productos Cantarana con Cultivo Regenerativo","article_modified_time":"2026-03-13T19:42:37+00:00","og_image":[{"width":2400,"height":1348,"url":"https:\/\/borojocantarana.com\/wp-content\/uploads\/2025\/11\/CANTA-RANA-HOME_11zon-e1773196150977.webp","type":"image\/webp"}],"twitter_card":"summary_large_image","schema":{"@context":"https:\/\/schema.org","@graph":[{"@type":"WebPage","@id":"https:\/\/borojocantarana.com\/finca\/","url":"https:\/\/borojocantarana.com\/finca\/","name":"Finca - Boroj\u00f3 Org\u00e1nico Puro | Productos Cantarana con Cultivo Regenerativo","isPartOf":{"@id":"https:\/\/borojocantarana.com\/#website"},"datePublished":"2020-08-25T12:04:18+00:00","dateModified":"2026-03-13T19:42:37+00:00","breadcrumb":{"@id":"https:\/\/borojocantarana.com\/finca\/#breadcrumb"},"inLanguage":"en-US","potentialAction":[{"@type":"ReadAction","target":["https:\/\/borojocantarana.com\/finca\/"]}]},{"@type":"BreadcrumbList","@id":"https:\/\/borojocantarana.com\/finca\/#breadcrumb","itemListElement":[{"@type":"ListItem","position":1,"name":"Inicio","item":"https:\/\/borojocantarana.com\/"},{"@type":"ListItem","position":2,"name":"Finca"}]},{"@type":"WebSite","@id":"https:\/\/borojocantarana.com\/#website","url":"https:\/\/borojocantarana.com\/","name":"Boroj\u00f3 Org\u00e1nico Puro | Productos Cantarana con Cultivo Regenerativo","description":"Descubre el poder del boroj\u00f3 org\u00e1nico de alta calidad. Productos naturales para tu salud, cultivados con t\u00e9cnicas regenerativas que cuidan el suelo y la biodiversidad.","publisher":{"@id":"https:\/\/borojocantarana.com\/#organization"},"alternateName":"Borojo | Exotic Fruits","potentialAction":[{"@type":"SearchAction","target":{"@type":"EntryPoint","urlTemplate":"https:\/\/borojocantarana.com\/?s={search_term_string}"},"query-input":{"@type":"PropertyValueSpecification","valueRequired":true,"valueName":"search_term_string"}}],"inLanguage":"en-US"},{"@type":"Organization","@id":"https:\/\/borojocantarana.com\/#organization","name":"Boroj\u00f3 Org\u00e1nico Puro | Productos Cantarana con Cultivo Regenerativo","alternateName":"Borojo | Exotic Fruits","url":"https:\/\/borojocantarana.com\/","logo":{"@type":"ImageObject","inLanguage":"en-US","@id":"https:\/\/borojocantarana.com\/#\/schema\/logo\/image\/","url":"https:\/\/borojocantarana.com\/wp-content\/uploads\/2022\/12\/cropped-LOGO_CANTA_RANA.png","contentUrl":"https:\/\/borojocantarana.com\/wp-content\/uploads\/2022\/12\/cropped-LOGO_CANTA_RANA.png","width":1194,"height":1310,"caption":"Boroj\u00f3 Org\u00e1nico Puro | Productos Cantarana con Cultivo Regenerativo"},"image":{"@id":"https:\/\/borojocantarana.com\/#\/schema\/logo\/image\/"}}]}},"_links":{"self":[{"href":"https:\/\/borojocantarana.com\/en\/wp-json\/wp\/v2\/pages\/2161","targetHints":{"allow":["GET"]}}],"collection":[{"href":"https:\/\/borojocantarana.com\/en\/wp-json\/wp\/v2\/pages"}],"about":[{"href":"https:\/\/borojocantarana.com\/en\/wp-json\/wp\/v2\/types\/page"}],"author":[{"embeddable":true,"href":"https:\/\/borojocantarana.com\/en\/wp-json\/wp\/v2\/users\/1"}],"replies":[{"embeddable":true,"href":"https:\/\/borojocantarana.com\/en\/wp-json\/wp\/v2\/comments?post=2161"}],"version-history":[{"count":49,"href":"https:\/\/borojocantarana.com\/en\/wp-json\/wp\/v2\/pages\/2161\/revisions"}],"predecessor-version":[{"id":5206,"href":"https:\/\/borojocantarana.com\/en\/wp-json\/wp\/v2\/pages\/2161\/revisions\/5206"}],"wp:attachment":[{"href":"https:\/\/borojocantarana.com\/en\/wp-json\/wp\/v2\/media?parent=2161"}],"curies":[{"name":"wp","href":"https:\/\/api.w.org\/{rel}","templated":true}]}}